{"id":12,"date":"2024-02-15T10:40:41","date_gmt":"2024-02-15T09:40:41","guid":{"rendered":"https:\/\/kancelaria-taxmerituum.pl\/index.php\/ryczalt-ewidencjonowany\/"},"modified":"2024-04-05T14:02:40","modified_gmt":"2024-04-05T12:02:40","slug":"oferta","status":"publish","type":"page","link":"https:\/\/kancelaria-taxmerituum.pl\/index.php\/oferta\/","title":{"rendered":"OFERTA"},"content":{"rendered":"<p>[et_pb_section fb_built=&#8221;1&#8243; custom_padding_last_edited=&#8221;off|desktop&#8221; disabled_on=&#8221;on|on|off&#8221; _builder_version=&#8221;4.22.1&#8243; _module_preset=&#8221;default&#8221; background_image=&#8221;https:\/\/kancelaria-taxmerituum.pl\/wp-content\/uploads\/2024\/04\/98fb7c1f-aee6-4e7f-8d37-db20c9794251.jpg&#8221; custom_margin=&#8221;0px||0px||false|false&#8221; custom_padding=&#8221;0px||0px||true|false&#8221; custom_padding_tablet=&#8221;80px||0px||false|false&#8221; custom_padding_phone=&#8221;50px||||false|false&#8221; background_last_edited=&#8221;on|phone&#8221; background_enable_image_phone=&#8221;off&#8221; box_shadow_style=&#8221;preset6&#8243; box_shadow_color=&#8221;#000000&#8243; global_module=&#8221;21202&#8243; global_colors_info=&#8221;{}&#8221;][et_pb_row column_structure=&#8221;2_5,3_5&#8243; use_custom_gutter=&#8221;on&#8221; gutter_width=&#8221;1&#8243; _builder_version=&#8221;4.22.1&#8243; _module_preset=&#8221;default&#8221; width=&#8221;90%&#8221; max_width=&#8221;1140px&#8221; custom_margin=&#8221;0px||0px||false|false&#8221; custom_padding=&#8221;0px||0px||true|false&#8221; global_colors_info=&#8221;{}&#8221;][et_pb_column type=&#8221;2_5&#8243; _builder_version=&#8221;4.22.1&#8243; _module_preset=&#8221;default&#8221; background_color=&#8221;#FFFFFF&#8221; custom_padding=&#8221;30px|25px|30px|25px|true|true&#8221; animation_style=&#8221;slide&#8221; global_colors_info=&#8221;{}&#8221;][et_pb_text _builder_version=&#8221;4.22.1&#8243; _module_preset=&#8221;default&#8221; header_font=&#8221;Syne|700|||||||&#8221; header_text_align=&#8221;left&#8221; header_text_color=&#8221;#000000&#8243; header_font_size=&#8221;40px&#8221; header_letter_spacing=&#8221;-1px&#8221; header_line_height=&#8221;1.3em&#8221; custom_margin=&#8221;5px||5px||true|false&#8221; custom_margin_tablet=&#8221;0px||24px||false|false&#8221; custom_margin_phone=&#8221;||15px||false|false&#8221; custom_margin_last_edited=&#8221;on|tablet&#8221; custom_padding=&#8221;0px||0px||false|false&#8221; animation_style=&#8221;fade&#8221; animation_delay=&#8221;200ms&#8221; animation_speed_curve=&#8221;ease&#8221; header_font_size_tablet=&#8221;53px&#8221; header_font_size_phone=&#8221;33px&#8221; header_font_size_last_edited=&#8221;on|phone&#8221; global_colors_info=&#8221;{}&#8221;]<\/p>\n<h1>Kancelaria<br \/>Ksi\u0119gowo &#8211; Podatkowa<\/h1>\n<p>[\/et_pb_text][et_pb_text content_tablet=&#8221;Zwi\u0119ksz swoje mo\u017cliwo\u015bci biznesowe z Kancelari\u0105 Ksi\u0119gowo-Podatkow\u0105 Tax Merituum<br \/>\ngdzie profesjonalizm \u0142\u0105czy si\u0119 z indywidualnym podej\u015bciem do ka\u017cdego klienta.&#8221; content_phone=&#8221;Zwi\u0119ksz swoje mo\u017cliwo\u015bci biznesowe z Kancelari\u0105 Ksi\u0119gowo-Podatkow\u0105 Tax Merituum gdzie profesjonalizm \u0142\u0105czy si\u0119 z indywidualnym podej\u015bciem do ka\u017cdego klienta.&#8221; content_last_edited=&#8221;on|phone&#8221; _builder_version=&#8221;4.22.1&#8243; _module_preset=&#8221;default&#8221; text_font=&#8221;Syne||||||||&#8221; text_text_color=&#8221;#424242&#8243; text_font_size=&#8221;16px&#8221; text_line_height=&#8221;1.6em&#8221; width=&#8221;100%&#8221; custom_margin=&#8221;0px||2px||false|false&#8221; custom_margin_tablet=&#8221;0px||49px||false|false&#8221; custom_margin_phone=&#8221;0px||40px||false|false&#8221; custom_margin_last_edited=&#8221;on|phone&#8221; custom_padding=&#8221;0px||0px||false|false&#8221; animation_style=&#8221;fade&#8221; animation_delay=&#8221;300ms&#8221; animation_speed_curve=&#8221;ease&#8221; text_font_size_tablet=&#8221;20px&#8221; text_font_size_phone=&#8221;15px&#8221; text_font_size_last_edited=&#8221;on|phone&#8221; global_colors_info=&#8221;{}&#8221;]<\/p>\n<p>Zwi\u0119ksz swoje mo\u017cliwo\u015bci biznesowe z Kancelari\u0105 Ksi\u0119gowo-Podatkow\u0105 Tax Merituum gdzie profesjonalizm \u0142\u0105czy si\u0119 z indywidualnym podej\u015bciem do ka\u017cdego klienta.<\/p>\n<p>[\/et_pb_text][\/et_pb_column][et_pb_column type=&#8221;3_5&#8243; _builder_version=&#8221;4.20.0&#8243; _module_preset=&#8221;default&#8221; global_colors_info=&#8221;{}&#8221;][\/et_pb_column][\/et_pb_row][\/et_pb_section][et_pb_section fb_built=&#8221;1&#8243; custom_padding_last_edited=&#8221;on|phone&#8221; _builder_version=&#8221;4.22.1&#8243; _module_preset=&#8221;default&#8221; background_color=&#8221;#ffffff&#8221; custom_margin=&#8221;0px||0px||false|false&#8221; custom_padding=&#8221;30px||50px||false|false&#8221; custom_padding_tablet=&#8221;100px||112px||false|false&#8221; custom_padding_phone=&#8221;20px||20px||true|false&#8221; border_width_bottom=&#8221;3px&#8221; border_color_bottom=&#8221;#0d1e1e&#8221; box_shadow_style=&#8221;preset6&#8243; global_colors_info=&#8221;{}&#8221;][et_pb_row use_custom_gutter=&#8221;on&#8221; gutter_width=&#8221;1&#8243; _builder_version=&#8221;4.22.1&#8243; _module_preset=&#8221;default&#8221; width=&#8221;90%&#8221; max_width=&#8221;1140px&#8221; custom_margin=&#8221;0px|auto|14px|auto|false|false&#8221; custom_margin_tablet=&#8221;0px||78px||false|false&#8221; custom_margin_phone=&#8221;0px||25px||false|false&#8221; custom_margin_last_edited=&#8221;on|phone&#8221; custom_padding=&#8221;0px||0px||false|false&#8221; global_colors_info=&#8221;{}&#8221;][et_pb_column type=&#8221;4_4&#8243; _builder_version=&#8221;4.22.1&#8243; _module_preset=&#8221;default&#8221; custom_padding=&#8221;|||0px|false|false&#8221; custom_padding_tablet=&#8221;|||0px|false|false&#8221; custom_padding_phone=&#8221;|||0px|false|false&#8221; custom_padding_last_edited=&#8221;on|tablet&#8221; animation_style=&#8221;fade&#8221; animation_delay=&#8221;200ms&#8221; animation_speed_curve=&#8221;ease&#8221; global_colors_info=&#8221;{}&#8221;][et_pb_text _builder_version=&#8221;4.22.1&#8243; _dynamic_attributes=&#8221;content&#8221; _module_preset=&#8221;default&#8221; header_2_font=&#8221;Syne|600|||||||&#8221; header_2_text_align=&#8221;center&#8221; header_2_text_color=&#8221;#0d1e1e&#8221; header_2_font_size=&#8221;25px&#8221; header_2_line_height=&#8221;1.4em&#8221; custom_margin=&#8221;12px||14px||false|false&#8221; custom_margin_tablet=&#8221;50px||14px||false|false&#8221; custom_margin_phone=&#8221;10px||14px||false|false&#8221; custom_margin_last_edited=&#8221;on|tablet&#8221; custom_padding=&#8221;0px||0px||false|false&#8221; header_2_font_size_tablet=&#8221;38px&#8221; header_2_font_size_phone=&#8221;30px&#8221; header_2_font_size_last_edited=&#8221;on|phone&#8221; global_colors_info=&#8221;{}&#8221;]@ET-DC@eyJkeW5hbWljIjp0cnVlLCJjb250ZW50IjoicG9zdF90aXRsZSIsInNldHRpbmdzIjp7ImJlZm9yZSI6IjxoMj4iLCJhZnRlciI6IjwvaDI+In19@[\/et_pb_text][et_pb_text _builder_version=&#8221;4.22.1&#8243; _module_preset=&#8221;default&#8221; text_font=&#8221;Syne||||||||&#8221; text_text_color=&#8221;#5f5f5f&#8221; text_font_size=&#8221;18px&#8221; text_line_height=&#8221;1.5em&#8221; max_width_tablet=&#8221;100%&#8221; max_width_phone=&#8221;100%&#8221; max_width_last_edited=&#8221;on|tablet&#8221; hover_enabled=&#8221;0&#8243; global_colors_info=&#8221;{}&#8221; sticky_enabled=&#8221;0&#8243;]<\/p>\n<p>Naszym celem jest kompleksowe wsparcie Pa\u0144stwa dzia\u0142alno\u015bci biznesowej. Szczeg\u00f3lnie wa\u017cne dla nas jest dostarczenie informacji finansowej niezb\u0119dnej do zarz\u0105dzania, zapewnienie bezpiecze\u0144stwa fiskalnego firmy i uwolnienie Klienta od czynno\u015bci ksi\u0119gowych.<\/p>\n<p>Specjalizujemy si\u0119 w kompleksowej realizacji wszystkich potrzeb podatkowych, aby maksymalnie u\u0142atwi\u0107 Pa\u0144stwu skoncentrowanie si\u0119 na w\u0142asnych celach biznesowych i zminimalizowa\u0107 obci\u0105\u017cenia podatkowe.<\/p>\n<p>Nasz\u0105 ofert\u0119 kierujemy g\u0142\u00f3wnie do firm, kt\u00f3re swoj\u0105 dzia\u0142alno\u015b\u0107 opieraj\u0105 o nast\u0119puj\u0105ce formy:<\/p>\n<p><u><strong><span style=\"color: #784c0c;\">\u2714 KSI\u0118GA PRZYCHOD\u00d3W I ROZCHOD\u00d3W<\/span> <\/strong><\/u><\/p>\n<ul>\n<li>dokonywanie zapis\u00f3w w ksi\u0119dze przychod\u00f3w i rozchod\u00f3w<\/li>\n<li>prowadzenie ewidencji dla cel\u00f3w podatku od towar\u00f3w i us\u0142ug<\/li>\n<li>sporz\u0105dzanie i wysy\u0142anie do Urz\u0119du Skarbowego deklaracji JPK-VAT, VAT-UE<\/li>\n<li>przygotowywanie kalkulacji podatkowych PIT, informowanie o wysoko\u015bci podatku do zap\u0142aty<\/li>\n<li>rozliczenia ZUS w\u0142a\u015bciciela \/ w\u0142a\u015bcicieli<\/li>\n<li>prowadzenie ewidencji \u015brodk\u00f3w trwa\u0142ych oraz wyposa\u017cenia<\/li>\n<li>roczne rozliczanie dzia\u0142alno\u015bci<\/li>\n<li>reprezentacja Klienta w Urz\u0119dzie Skarbowym, ZUS<\/li>\n<li>kompleksowa pomoc w rozpocz\u0119ciu prowadzenia dzia\u0142alno\u015bci gospodarczej<\/li>\n<li>przygotowywanie dokumentacji dla bank\u00f3w, firm leasingowych itp<\/li>\n<li>wystawianie not odsetkowych, wezwa\u0144 do zap\u0142aty<\/li>\n<li>odbi\u00f3r dokument\u00f3w z siedziby Klienta<\/li>\n<\/ul>\n<p><u><strong><span style=\"color: #784c0c;\">\u2714 RYCZA\u0141T EWIDENCJONOWANY<\/span><\/strong><\/u><\/p>\n<ul>\n<li>dokonywanie zapis\u00f3w w ewidencji przychod\u00f3w<\/li>\n<li>prowadzenie ewidencji dla cel\u00f3w podatku od towar\u00f3w i us\u0142ug<\/li>\n<li>sporz\u0105dzanie i wysy\u0142anie do Urz\u0119du Skarbowego deklaracji JPK-VAT, VAT-UE<\/li>\n<li>kalkulacja zobowi\u0105za\u0144 podatkowych PIT, informowanie o wysoko\u015bci podatku do zap\u0142aty<\/li>\n<li>roczne rozliczanie dzia\u0142alno\u015bci<\/li>\n<li>reprezentacja Klienta w Urz\u0119dzie Skarbowym, ZUS<\/li>\n<li>kompleksowa pomoc w rozpocz\u0119ciu prowadzenia dzia\u0142alno\u015bci gospodarczej<\/li>\n<li>przygotowywanie dokumentacji dla bank\u00f3w, firm leasingowych itp<\/li>\n<li>wystawianie not odsetkowych, wezwa\u0144 do zap\u0142aty<\/li>\n<li>odbi\u00f3r dokument\u00f3w z siedziby Klienta<\/li>\n<\/ul>\n<p><u><strong><span style=\"color: #784c0c;\">\u2714 KADRY I P\u0141ACE<\/p>\n<p><\/span><\/strong><\/u><\/p>\n<ul>\n<li><span style=\"font-size: 18px;\">prowadzenie akt osobowych<\/span><\/li>\n<li>przygotowanie um\u00f3w o prac\u0119, zmian um\u00f3w, wypowiedze\u0144, \u015bwiadectw pracy<\/li>\n<li>prowadzenie ewidencji czasu pracy,<\/li>\n<li>prowadzenie dokumentacji dotycz\u0105cej potwierdzania obecno\u015bci oraz absencji pracownik\u00f3w<\/li>\n<li>naliczanie wynagrodze\u0144 i\u00a0sporz\u0105dzanie list p\u0142ac przygotowanie um\u00f3w cywilnoprawnych (zlecenia, o dzie\u0142o)<\/li>\n<li>przygotowanie deklaracji podatkowych<\/li>\n<li>przygotowanie deklaracji ZUS, sk\u0142adanie deklaracji imiennych dla pracownik\u00f3w<\/li>\n<li>zg\u0142oszenie pracownik\u00f3w do Zak\u0142adu Ubezpiecze\u0144 Spo\u0142ecznych,<\/li>\n<li>prowadzenie dokumentacji zasi\u0142kowej<\/li>\n<li>przygotowanie rocznych rozlicze\u0144 PIT pracownik\u00f3w (PIT-11) oraz Klienta (PIT-4R)<\/li>\n<li>wystawienie za\u015bwiadczenia o zatrudnieniu i zarobkach<\/li>\n<\/ul>\n<p>[\/et_pb_text][\/et_pb_column][\/et_pb_row][\/et_pb_section][et_pb_section fb_built=&#8221;1&#8243; admin_label=&#8221;1&#8243; _builder_version=&#8221;4.22.1&#8243; custom_padding=&#8221;50px||50px||true|false&#8221; global_module=&#8221;21123&#8243; saved_tabs=&#8221;all&#8221; global_colors_info=&#8221;{}&#8221;][et_pb_row _builder_version=&#8221;4.22.1&#8243; custom_padding=&#8221;|0px||0px|false|false&#8221; global_colors_info=&#8221;{}&#8221;][et_pb_column type=&#8221;4_4&#8243; _builder_version=&#8221;4.16&#8243; custom_padding=&#8221;|||&#8221; global_colors_info=&#8221;{}&#8221; custom_padding__hover=&#8221;|||&#8221;][et_pb_text _builder_version=&#8221;4.22.1&#8243; text_font=&#8221;Syne|700|||||||&#8221; text_text_color=&#8221;#000000&#8243; text_font_size=&#8221;21px&#8221; text_font_size_tablet=&#8221;&#8221; text_font_size_phone=&#8221;20px&#8221; text_font_size_last_edited=&#8221;on|desktop&#8221; global_colors_info=&#8221;{}&#8221;]<\/p>\n<p>Kontakt<\/p>\n<p>[\/et_pb_text][\/et_pb_column][\/et_pb_row][et_pb_row column_structure=&#8221;2_3,1_3&#8243; module_id=&#8221;reverse&#8221; module_class=&#8221;reverse&#8221; _builder_version=&#8221;4.22.1&#8243; custom_margin=&#8221;|||&#8221; custom_padding=&#8221;6px|||||&#8221; global_colors_info=&#8221;{}&#8221;][et_pb_column type=&#8221;2_3&#8243; _builder_version=&#8221;4.16&#8243; custom_padding=&#8221;|||&#8221; global_colors_info=&#8221;{}&#8221; custom_padding__hover=&#8221;|||&#8221;][et_pb_contact_form captcha=&#8221;off&#8221; email=&#8221;biuro@kancelaria-taxmerituum.pl &#8221; submit_button_text=&#8221;Wy\u015blij&#8221; title_tablet=&#8221;&#8221; title_phone=&#8221;Wy\u015blij wiadomo\u015b\u0107&#8221; title_last_edited=&#8221;on|phone&#8221; module_id=&#8221;et_pb_contact_form_0&#8243; _builder_version=&#8221;4.22.1&#8243; form_field_background_color=&#8221;rgba(0,0,0,0)&#8221; form_field_text_color=&#8221;#000000&#8243; title_font=&#8221;Syne||||||||&#8221; title_font_size=&#8221;16px&#8221; form_field_font=&#8221;Syne|300|||||||&#8221; form_field_font_size=&#8221;15px&#8221; form_field_line_height=&#8221;1.6em&#8221; custom_button=&#8221;on&#8221; button_text_size=&#8221;14px&#8221; button_text_color=&#8221;#ffffff&#8221; button_bg_color=&#8221;#383838&#8243; button_border_width=&#8221;12px&#8221; button_border_color=&#8221;#383838&#8243; button_border_radius=&#8221;0px&#8221; button_letter_spacing=&#8221;1px&#8221; button_font=&#8221;Syne|||on|||||&#8221; button_icon=&#8221;&#x24;||divi||400&#8243; custom_margin_tablet=&#8221;||80px|&#8221; custom_margin_phone=&#8221;||0px||false|false&#8221; custom_margin_last_edited=&#8221;on|desktop&#8221; custom_padding_last_edited=&#8221;off|desktop&#8221; border_width_all=&#8221;1px&#8221; border_color_all=&#8221;#c9c9c9&#8243; form_background_color=&#8221;rgba(0,0,0,0)&#8221; global_colors_info=&#8221;{}&#8221; button_text_color__hover=&#8221;#000000&#8243; button_text_color__hover_enabled=&#8221;on&#8221; button_bg_color__hover=&#8221;#bfbfbf&#8221; button_bg_color__hover_enabled=&#8221;on&#8221; button_border_color__hover=&#8221;#bfbfbf&#8221; button_border_color__hover_enabled=&#8221;on&#8221; button_letter_spacing__hover=&#8221;2px&#8221; button_letter_spacing__hover_enabled=&#8221;on&#8221;][et_pb_contact_field field_id=&#8221;Imi\u0119&#8221; field_title=&#8221;Imi\u0119&#8221; _builder_version=&#8221;4.22.1&#8243; global_colors_info=&#8221;{}&#8221; button_text_size__hover_enabled=&#8221;off&#8221; button_one_text_size__hover_enabled=&#8221;off&#8221; button_two_text_size__hover_enabled=&#8221;off&#8221; button_text_color__hover_enabled=&#8221;off&#8221; button_one_text_color__hover_enabled=&#8221;off&#8221; button_two_text_color__hover_enabled=&#8221;off&#8221; button_border_width__hover_enabled=&#8221;off&#8221; button_one_border_width__hover_enabled=&#8221;off&#8221; button_two_border_width__hover_enabled=&#8221;off&#8221; button_border_color__hover_enabled=&#8221;off&#8221; button_one_border_color__hover_enabled=&#8221;off&#8221; button_two_border_color__hover_enabled=&#8221;off&#8221; button_border_radius__hover_enabled=&#8221;off&#8221; button_one_border_radius__hover_enabled=&#8221;off&#8221; button_two_border_radius__hover_enabled=&#8221;off&#8221; button_letter_spacing__hover_enabled=&#8221;off&#8221; button_one_letter_spacing__hover_enabled=&#8221;off&#8221; button_two_letter_spacing__hover_enabled=&#8221;off&#8221; button_bg_color__hover_enabled=&#8221;off&#8221; button_one_bg_color__hover_enabled=&#8221;off&#8221; button_two_bg_color__hover_enabled=&#8221;off&#8221;][\/et_pb_contact_field][et_pb_contact_field field_id=&#8221;E-mail&#8221; field_title=&#8221;E-mail&#8221; _builder_version=&#8221;4.22.1&#8243; global_colors_info=&#8221;{}&#8221; button_text_size__hover_enabled=&#8221;off&#8221; button_one_text_size__hover_enabled=&#8221;off&#8221; button_two_text_size__hover_enabled=&#8221;off&#8221; button_text_color__hover_enabled=&#8221;off&#8221; button_one_text_color__hover_enabled=&#8221;off&#8221; button_two_text_color__hover_enabled=&#8221;off&#8221; button_border_width__hover_enabled=&#8221;off&#8221; button_one_border_width__hover_enabled=&#8221;off&#8221; button_two_border_width__hover_enabled=&#8221;off&#8221; button_border_color__hover_enabled=&#8221;off&#8221; button_one_border_color__hover_enabled=&#8221;off&#8221; button_two_border_color__hover_enabled=&#8221;off&#8221; button_border_radius__hover_enabled=&#8221;off&#8221; button_one_border_radius__hover_enabled=&#8221;off&#8221; button_two_border_radius__hover_enabled=&#8221;off&#8221; button_letter_spacing__hover_enabled=&#8221;off&#8221; button_one_letter_spacing__hover_enabled=&#8221;off&#8221; button_two_letter_spacing__hover_enabled=&#8221;off&#8221; button_bg_color__hover_enabled=&#8221;off&#8221; button_one_bg_color__hover_enabled=&#8221;off&#8221; button_two_bg_color__hover_enabled=&#8221;off&#8221;][\/et_pb_contact_field][et_pb_contact_field field_id=&#8221;Temat&#8221; field_title=&#8221;Temat&#8221; fullwidth_field=&#8221;on&#8221; _builder_version=&#8221;4.22.1&#8243; global_colors_info=&#8221;{}&#8221; button_text_size__hover_enabled=&#8221;off&#8221; button_one_text_size__hover_enabled=&#8221;off&#8221; button_two_text_size__hover_enabled=&#8221;off&#8221; button_text_color__hover_enabled=&#8221;off&#8221; button_one_text_color__hover_enabled=&#8221;off&#8221; button_two_text_color__hover_enabled=&#8221;off&#8221; button_border_width__hover_enabled=&#8221;off&#8221; button_one_border_width__hover_enabled=&#8221;off&#8221; button_two_border_width__hover_enabled=&#8221;off&#8221; button_border_color__hover_enabled=&#8221;off&#8221; button_one_border_color__hover_enabled=&#8221;off&#8221; button_two_border_color__hover_enabled=&#8221;off&#8221; button_border_radius__hover_enabled=&#8221;off&#8221; button_one_border_radius__hover_enabled=&#8221;off&#8221; button_two_border_radius__hover_enabled=&#8221;off&#8221; button_letter_spacing__hover_enabled=&#8221;off&#8221; button_one_letter_spacing__hover_enabled=&#8221;off&#8221; button_two_letter_spacing__hover_enabled=&#8221;off&#8221; button_bg_color__hover_enabled=&#8221;off&#8221; button_one_bg_color__hover_enabled=&#8221;off&#8221; button_two_bg_color__hover_enabled=&#8221;off&#8221;][\/et_pb_contact_field][et_pb_contact_field field_id=&#8221;Wiadomo\u015b\u0107&#8221; field_title=&#8221;Wiadomo\u015b\u0107&#8221; field_type=&#8221;text&#8221; fullwidth_field=&#8221;on&#8221; _builder_version=&#8221;4.22.1&#8243; global_colors_info=&#8221;{}&#8221; button_text_size__hover_enabled=&#8221;off&#8221; button_one_text_size__hover_enabled=&#8221;off&#8221; button_two_text_size__hover_enabled=&#8221;off&#8221; button_text_color__hover_enabled=&#8221;off&#8221; button_one_text_color__hover_enabled=&#8221;off&#8221; button_two_text_color__hover_enabled=&#8221;off&#8221; button_border_width__hover_enabled=&#8221;off&#8221; button_one_border_width__hover_enabled=&#8221;off&#8221; button_two_border_width__hover_enabled=&#8221;off&#8221; button_border_color__hover_enabled=&#8221;off&#8221; button_one_border_color__hover_enabled=&#8221;off&#8221; button_two_border_color__hover_enabled=&#8221;off&#8221; button_border_radius__hover_enabled=&#8221;off&#8221; button_one_border_radius__hover_enabled=&#8221;off&#8221; button_two_border_radius__hover_enabled=&#8221;off&#8221; button_letter_spacing__hover_enabled=&#8221;off&#8221; button_one_letter_spacing__hover_enabled=&#8221;off&#8221; button_two_letter_spacing__hover_enabled=&#8221;off&#8221; button_bg_color__hover_enabled=&#8221;off&#8221; button_one_bg_color__hover_enabled=&#8221;off&#8221; button_two_bg_color__hover_enabled=&#8221;off&#8221;][\/et_pb_contact_field][\/et_pb_contact_form][\/et_pb_column][et_pb_column type=&#8221;1_3&#8243; _builder_version=&#8221;4.16&#8243; custom_padding=&#8221;|||&#8221; global_colors_info=&#8221;{}&#8221; custom_padding__hover=&#8221;|||&#8221;][et_pb_blurb title=&#8221;Adres&#8221; use_icon=&#8221;on&#8221; font_icon=&#8221;&#xe081;||divi||400&#8243; icon_color=&#8221;#383838&#8243; icon_placement=&#8221;left&#8221; image_icon_width=&#8221;32px&#8221; admin_label=&#8221;1&#8243; _builder_version=&#8221;4.22.1&#8243; header_font=&#8221;Syne|600|||||||&#8221; header_text_color=&#8221;#000000&#8243; header_font_size=&#8221;20px&#8221; header_line_height=&#8221;1.3em&#8221; body_font=&#8221;Syne|300|||||||&#8221; body_text_color=&#8221;#000000&#8243; body_font_size=&#8221;15px&#8221; body_line_height=&#8221;1.8em&#8221; animation=&#8221;off&#8221; icon_font_size=&#8221;32px&#8221; global_colors_info=&#8221;{}&#8221;]<\/p>\n<p>ul. Agnieszki 13<br \/>40-110 Katowice<\/p>\n<p>[\/et_pb_blurb][et_pb_blurb title=&#8221;Telefon&#8221; url=&#8221;tel:781-554-447&#8243; use_icon=&#8221;on&#8221; font_icon=&#8221;&#xe090;||divi||400&#8243; icon_color=&#8221;#383838&#8243; icon_placement=&#8221;left&#8221; image_icon_width=&#8221;32px&#8221; admin_label=&#8221;1&#8243; _builder_version=&#8221;4.22.1&#8243; header_font=&#8221;Syne|600|||||||&#8221; header_text_color=&#8221;#000000&#8243; header_font_size=&#8221;20px&#8221; header_line_height=&#8221;1.3em&#8221; body_font=&#8221;Syne|300|||||||&#8221; body_text_color=&#8221;#000000&#8243; body_font_size=&#8221;15px&#8221; body_line_height=&#8221;1.8em&#8221; animation=&#8221;off&#8221; link_option_url=&#8221;tel:781-554-447&#8243; icon_font_size=&#8221;32px&#8221; global_colors_info=&#8221;{}&#8221;]781-554-447[\/et_pb_blurb][et_pb_blurb title=&#8221;Email&#8221; use_icon=&#8221;on&#8221; font_icon=&#8221;&#x77;||divi||400&#8243; icon_color=&#8221;#383838&#8243; icon_placement=&#8221;left&#8221; image_icon_width=&#8221;32px&#8221; admin_label=&#8221;1&#8243; _builder_version=&#8221;4.22.1&#8243; header_font=&#8221;Syne|600|||||||&#8221; header_text_color=&#8221;#000000&#8243; header_font_size=&#8221;20px&#8221; header_line_height=&#8221;1.3em&#8221; body_font=&#8221;Syne|300|||||||&#8221; body_text_color=&#8221;#000000&#8243; body_font_size=&#8221;15px&#8221; body_line_height=&#8221;1.8em&#8221; custom_margin_tablet=&#8221;&#8221; custom_margin_phone=&#8221;||40px||false|false&#8221; custom_margin_last_edited=&#8221;on|phone&#8221; animation=&#8221;off&#8221; icon_font_size=&#8221;32px&#8221; global_colors_info=&#8221;{}&#8221;]<\/p>\n<p>biuro@kancelaria-taxmerituum.pl<\/p>\n<p>[\/et_pb_blurb][\/et_pb_column][\/et_pb_row][\/et_pb_section][et_pb_section fb_built=&#8221;1&#8243; fullwidth=&#8221;on&#8221; _builder_version=&#8221;4.22.1&#8243; _module_preset=&#8221;default&#8221; global_module=&#8221;21124&#8243; saved_tabs=&#8221;all&#8221; global_colors_info=&#8221;{}&#8221;][et_pb_fullwidth_code _builder_version=&#8221;4.22.1&#8243; _module_preset=&#8221;default&#8221; global_colors_info=&#8221;{}&#8221;]<iframe src=\"https:\/\/www.google.com\/maps\/embed?pb=!1m14!1m8!1m3!1d10198.757218979827!2d19.0056759!3d50.2790596!3m2!1i1024!2i768!4f13.1!3m3!1m2!1s0x4716cffd71f246ed%3A0x9686f7cbe94a50!2sKancelaria%20Ksi%C4%99gowo-%20Podatkowa%20Tax%20Merituum%20Zofia%20Pietrzak!5e0!3m2!1spl!2spl!4v1712218849572!5m2!1spl!2spl\" width=\"100%\" height=\"450\" style=\"border:0;\" allowfullscreen=\"\" loading=\"lazy\" referrerpolicy=\"no-referrer-when-downgrade\"><\/iframe>[\/et_pb_fullwidth_code][\/et_pb_section]<\/p>\n","protected":false},"excerpt":{"rendered":"<p>KancelariaKsi\u0119gowo &#8211; PodatkowaZwi\u0119ksz swoje mo\u017cliwo\u015bci biznesowe z Kancelari\u0105 Ksi\u0119gowo-Podatkow\u0105 Tax Merituum gdzie profesjonalizm \u0142\u0105czy si\u0119 z indywidualnym podej\u015bciem do ka\u017cdego klienta.Naszym celem jest kompleksowe wsparcie Pa\u0144stwa dzia\u0142alno\u015bci biznesowej. Szczeg\u00f3lnie wa\u017cne dla nas jest dostarczenie informacji finansowej niezb\u0119dnej do zarz\u0105dzania, zapewnienie bezpiecze\u0144stwa fiskalnego firmy i uwolnienie Klienta od czynno\u015bci ksi\u0119gowych. Specjalizujemy si\u0119 w kompleksowej realizacji wszystkich [&hellip;]<\/p>\n","protected":false},"author":1,"featured_media":0,"parent":0,"menu_order":0,"comment_status":"closed","ping_status":"closed","template":"","meta":{"_et_pb_use_builder":"on","_et_pb_old_content":"","_et_gb_content_width":"","footnotes":""},"class_list":["post-12","page","type-page","status-publish","hentry"],"_links":{"self":[{"href":"https:\/\/kancelaria-taxmerituum.pl\/index.php\/wp-json\/wp\/v2\/pages\/12","targetHints":{"allow":["GET"]}}],"collection":[{"href":"https:\/\/kancelaria-taxmerituum.pl\/index.php\/wp-json\/wp\/v2\/pages"}],"about":[{"href":"https:\/\/kancelaria-taxmerituum.pl\/index.php\/wp-json\/wp\/v2\/types\/page"}],"author":[{"embeddable":true,"href":"https:\/\/kancelaria-taxmerituum.pl\/index.php\/wp-json\/wp\/v2\/users\/1"}],"replies":[{"embeddable":true,"href":"https:\/\/kancelaria-taxmerituum.pl\/index.php\/wp-json\/wp\/v2\/comments?post=12"}],"version-history":[{"count":9,"href":"https:\/\/kancelaria-taxmerituum.pl\/index.php\/wp-json\/wp\/v2\/pages\/12\/revisions"}],"predecessor-version":[{"id":21221,"href":"https:\/\/kancelaria-taxmerituum.pl\/index.php\/wp-json\/wp\/v2\/pages\/12\/revisions\/21221"}],"wp:attachment":[{"href":"https:\/\/kancelaria-taxmerituum.pl\/index.php\/wp-json\/wp\/v2\/media?parent=12"}],"curies":[{"name":"wp","href":"https:\/\/api.w.org\/{rel}","templated":true}]}}